{"id":3,"date":"2025-09-08T11:39:35","date_gmt":"2025-09-08T09:39:35","guid":{"rendered":"https:\/\/kulturwerkpfaff.de\/?page_id=3"},"modified":"2025-09-09T11:46:05","modified_gmt":"2025-09-09T09:46:05","slug":"datenschutzerklaerung","status":"publish","type":"page","link":"https:\/\/kulturwerkpfaff.de\/?page_id=3","title":{"rendered":"Datenschutz"},"content":{"rendered":"\n<h2 class=\"wp-block-heading has-text-align-center\">Datenschutzerkl\u00e4rung<\/h2>\n\n\n\n<p class=\"has-text-align-center\">Der Kulturwerkpfaff e.V. und seine Mitglieder setzen sich ziel- und risikoorientiert f\u00fcr die informationelle Selbstbestimmung und das Grundrecht auf Schutz personenbezogener Daten ein. In dieser Datenschutzerkl\u00e4rung informieren wir Sie \u00fcber die Verarbeitung Ihrer personenbezogenen Daten bei Besuch und Benutzung unserer Webseite.<\/p>\n\n\n\n<h2 class=\"wp-block-heading has-text-align-center\">Verantwortlicher<\/h2>\n\n\n\n<p class=\"has-text-align-center\">Kulturwerkpfaff e.V. <br>Eckelstrasse 2<br>67655 Kaiserslautern<br>Email: info@kulturwerkpfaff.de<\/p>\n\n\n\n<h2 class=\"wp-block-heading has-text-align-center\">Zweck der Verarbeitung<\/h2>\n\n\n\n<ul class=\"wp-block-list\">\n<li>Bereitstellung des Informationsangebotes im Rahmen der \u00d6ffentlichkeitsarbeit des Kulturwerkpfaff e.V.<\/li>\n\n\n\n<li>Kontaktaufnahme und Korrespondenz mit Besuchern und Benutzern<\/li>\n<\/ul>\n\n\n\n<h2 class=\"wp-block-heading has-text-align-center\">Anonyme und gesch\u00fctzte Benutzung<\/h2>\n\n\n\n<p class=\"has-text-align-center\">Der Besuch und die Benutzung unserer Webseite sind anonym. Personenbezogene Daten werden auf unserer Webseite nur im technisch notwendigen Umfang erhoben. Die verarbeiteten personenbezogenen Daten werden au\u00dfer aufgrund konkreter gesetzlicher Verpflichtungen nicht an Dritte \u00fcbermittelt oder in anderer Weise offengelegt. Wir binden innerhalb unseres Informationsangebots keine Inhalts- oder Serviceangebote von Drittanbietern ein.<\/p>\n\n\n\n<p class=\"has-text-align-center\">Bei der Benutzung unserer Webseite ist die Daten\u00fcbertragung im Internet durch ein als sicher anerkanntes Verschl\u00fcsselungsverfahren gegen Kenntnisnahme Dritter gesch\u00fctzt und kann somit nicht auf einfache Weise beobachtet oder verf\u00e4lscht werden kann.<\/p>\n\n\n\n<h2 class=\"wp-block-heading has-text-align-center\">Zugriffsdaten<\/h2>\n\n\n\n<p class=\"has-text-align-center\">Bei jedem Zugriff auf unsere Webseite werden Nutzungs-, Verkehrs- und Verbindungsdaten erhoben, vor\u00fcbergehend in einer Protokolldatei gespeichert und regelm\u00e4\u00df nach 90 Tagen gel\u00f6scht.<\/p>\n\n\n\n<p class=\"has-text-align-center\">\u00dcber jeden Zugriff\/Abruf werden folgende Daten gespeichert:<\/p>\n\n\n\n<ul class=\"wp-block-list\">\n<li>IP-Adresse<\/li>\n\n\n\n<li>\u00fcbermittelte User-Agent Information (insb. Typ\/Version von Webbrowser, Betriebssystem, usw.)<\/li>\n\n\n\n<li>\u00fcbermittelte Referrer Information (URL der verweisenden Seite)<\/li>\n\n\n\n<li>Datum und Uhrzeit des Zugriffs\/Abrufs<\/li>\n\n\n\n<li>\u00fcbermittelte Zugriffsmethode\/Funktion<\/li>\n\n\n\n<li>\u00fcbermittelte Eingabewerte (Suchbegriffe, usw.)<\/li>\n\n\n\n<li>aufgerufene Seite bzw. abgerufene Datei<\/li>\n\n\n\n<li>\u00fcbertragene Datenmenge<\/li>\n\n\n\n<li>Status der Verarbeitung des Zugriffs\/Abrufs<\/li>\n<\/ul>\n\n\n\n<p class=\"has-text-align-center\">Die Verarbeitung der Zugriffsdaten ist rechtm\u00e4\u00dfig, weil sie zur Wahrung berechtigter Interessen des kulturwerkpfaff e.V. erforderlich ist. Die berechtigten Interessen des kulturwerkpfaff e.V. sind die Anpassung und Optimierung des Informationsangebots und die Ermittlung, Aufdeckung von Verfolgung von rechtswidrigen Handlungen im Zusammenhang mit der Benutzung der Webseite.<\/p>\n\n\n\n<p class=\"has-text-align-center\">Die gespeicherten Datens\u00e4tze k\u00f6nnen statistisch ausgewertet werden, um unser Informationsangebot an die Bed\u00fcrfnisse unserer Besucher anpassen und optimieren zu k\u00f6nnen. Techniken, die es erm\u00f6glichen, das Zugriffsverhalten der Benutzer nachzuvollziehen (Tracking), werden nicht eingesetzt. Die Erstellung von Benutzerprofilen und eine darauf beruhende automatisierte Entscheidungsfindung ist ausgeschlossen.<\/p>\n\n\n\n<p class=\"has-text-align-center\">Die gespeicherten Datens\u00e4tze sind nicht bestimmten Personen zuordenbar. Eine Zusammenf\u00fchrung mit anderen Datenquellen wird grunds\u00e4tzlich nicht vorgenommen. Die gespeicherten Daten k\u00f6nnen jedoch gepr\u00fcft und mit anderen Datenquellen zusammengef\u00fchrt werden, wenn uns konkrete Anhaltspunkte f\u00fcr eine rechtswidrige Benutzung bekannt werden.<\/p>\n\n\n\n<h2 class=\"wp-block-heading has-text-align-center\">Social Media<\/h2>\n\n\n\n<p class=\"has-text-align-center\">Wir betten keine Social Media Plugins in unserer Webseite ein. Wenn Sie unsere Webseite besuchen, werden daher keine Daten an Social Media Services \u00fcbermittelt. Eine Profilbildung durch Dritte ist somit ausgeschlossen. Sie haben jedoch die M\u00f6glichkeit, direkt zu unseren Informationsangeboten auf Facebook, Twitter und YouTube zu wechseln. F\u00fcr die Benutzung dieser Dienste verweisen wir auf die Gesch\u00e4ftsbedingungen und die Datenschutzbestimmungen der jeweiligen Betreiber. Wir verarbeiten Ihre personenbezogene Daten innerhalb der sozialen Netzwerke soweit Sie Beitr\u00e4ge einstellen, Nachrichten versenden oder auf andere Weise mit uns kommunizieren.<\/p>\n\n\n\n<h2 class=\"wp-block-heading has-text-align-center\">Korrespondenz<\/h2>\n\n\n\n<p class=\"has-text-align-center\">Sie haben die M\u00f6glichkeit, uns per E-Mail zu kontaktieren. Ihre E-Mail-Adresse und andere personenbezogene Kontaktdaten verwenden wir f\u00fcr die Korrespondenz mit Ihnen. Aufgrund gesetzlicher Verpflichtung wird jede E-Mail-Korrespondenz archiviert. Soweit zur Wahrung unserer berechtigten Interessen erforderlich, k\u00f6nnen Ihre E-Mail-Adresse und andere personenbezogene Kontaktdaten aus der Korrespondenz in unserer Kontaktdatenbank gespeichert werden. In diesem Fall werden Sie eine entsprechende Information \u00fcber die Verarbeitung Ihrer Kontaktdaten erhalten.<\/p>\n\n\n\n<h2 class=\"wp-block-heading has-text-align-center\">Auskunft und Intervention<\/h2>\n\n\n\n<p class=\"has-text-align-center\">Neben der Information in dieser Datenschutzerkl\u00e4rung haben Sie das Recht auf Auskunft \u00fcber Ihre personenbezogenen Daten. Zur Gew\u00e4hrleistung einer fairen Verarbeitung bestehen f\u00fcr Sie die folgenden Interventionsrechte:<\/p>\n\n\n\n<ul class=\"wp-block-list\">\n<li>Das Recht auf Berichtigung und Vervollst\u00e4ndigung Ihrer personenbezogenen Daten<\/li>\n\n\n\n<li>Das Recht auf L\u00f6schung Ihrer personenbezogenen Daten<\/li>\n\n\n\n<li>Das Recht auf Einschr\u00e4nkung der Verarbeitung Ihrer personenbezogenen Daten<\/li>\n\n\n\n<li>Das Recht auf Widerspruch gegen die Verarbeitung Ihrer personenbezogenen Daten aus Gr\u00fcnden Ihrer besonderen Situation<\/li>\n<\/ul>\n\n\n\n<p class=\"has-text-align-center\">F\u00fcr die Aus\u00fcbung Ihrer Rechte wenden Sie sich bitte an unseren Datenschutzbeauftragtendie oben angegebene Emailadresse.<\/p>\n\n\n\n<h2 class=\"wp-block-heading has-text-align-center\">Recht auf Beschwerde<\/h2>\n\n\n\n<p class=\"has-text-align-center\">Sie haben das Recht auf Beschwerde bei einer Aufsichtsbeh\u00f6rde, wenn Sie der Ansicht sind, dass die Verarbeitung Ihrer personenbezogenen Daten gegen gesetzliche Datenschutzvorschriften verst\u00f6\u00dft<\/p>\n\n\n\n<div style=\"height:100px\" aria-hidden=\"true\" class=\"wp-block-spacer\"><\/div>\n","protected":false},"excerpt":{"rendered":"<p>Datenschutzerkl\u00e4rung Der Kulturwerkpfaff e.V. und seine Mitglieder setzen sich ziel- und risikoorientiert f\u00fcr die informationelle Selbstbestimmung und das Grundrecht auf Schutz personenbezogener Daten ein. In dieser Datenschutzerkl\u00e4rung informieren wir Sie \u00fcber die Verarbeitung Ihrer personenbezogenen Daten bei Besuch und Benutzung unserer Webseite. Verantwortlicher Kulturwerkpfaff e.V. Eckelstrasse 267655 KaiserslauternEmail: info@kulturwerkpfaff.de Zweck der Verarbeitung Anonyme und gesch\u00fctzte [&hellip;]<\/p>\n","protected":false},"author":1,"featured_media":0,"parent":0,"menu_order":5,"comment_status":"closed","ping_status":"open","template":"","meta":{"footnotes":""},"class_list":["post-3","page","type-page","status-publish","hentry"],"_links":{"self":[{"href":"https:\/\/kulturwerkpfaff.de\/index.php?rest_route=\/wp\/v2\/pages\/3","targetHints":{"allow":["GET"]}}],"collection":[{"href":"https:\/\/kulturwerkpfaff.de\/index.php?rest_route=\/wp\/v2\/pages"}],"about":[{"href":"https:\/\/kulturwerkpfaff.de\/index.php?rest_route=\/wp\/v2\/types\/page"}],"author":[{"embeddable":true,"href":"https:\/\/kulturwerkpfaff.de\/index.php?rest_route=\/wp\/v2\/users\/1"}],"replies":[{"embeddable":true,"href":"https:\/\/kulturwerkpfaff.de\/index.php?rest_route=%2Fwp%2Fv2%2Fcomments&post=3"}],"version-history":[{"count":5,"href":"https:\/\/kulturwerkpfaff.de\/index.php?rest_route=\/wp\/v2\/pages\/3\/revisions"}],"predecessor-version":[{"id":201,"href":"https:\/\/kulturwerkpfaff.de\/index.php?rest_route=\/wp\/v2\/pages\/3\/revisions\/201"}],"wp:attachment":[{"href":"https:\/\/kulturwerkpfaff.de\/index.php?rest_route=%2Fwp%2Fv2%2Fmedia&parent=3"}],"curies":[{"name":"wp","href":"https:\/\/api.w.org\/{rel}","templated":true}]}}