{"id":90,"date":"2025-09-08T23:11:03","date_gmt":"2025-09-08T21:11:03","guid":{"rendered":"https:\/\/kulturwerkpfaff.de\/?page_id=90"},"modified":"2026-03-27T08:16:04","modified_gmt":"2026-03-27T07:16:04","slug":"veranstaltungen","status":"publish","type":"page","link":"https:\/\/kulturwerkpfaff.de\/?page_id=90","title":{"rendered":"Zuletzt"},"content":{"rendered":"\n<h1 class=\"wp-block-heading\">2026<\/h1>\n\n\n\n<div class=\"wp-block-media-text is-stacked-on-mobile\" style=\"grid-template-columns:49% auto\"><figure class=\"wp-block-media-text__media\"><img loading=\"lazy\" decoding=\"async\" width=\"819\" height=\"1024\" src=\"https:\/\/kulturwerkpfaff.de\/wp-content\/uploads\/2026\/01\/Was-willst-du-machen-ANNA_1-819x1024.jpg\" alt=\"\" class=\"wp-image-571 size-full\" srcset=\"https:\/\/kulturwerkpfaff.de\/wp-content\/uploads\/2026\/01\/Was-willst-du-machen-ANNA_1-819x1024.jpg 819w, https:\/\/kulturwerkpfaff.de\/wp-content\/uploads\/2026\/01\/Was-willst-du-machen-ANNA_1-240x300.jpg 240w, https:\/\/kulturwerkpfaff.de\/wp-content\/uploads\/2026\/01\/Was-willst-du-machen-ANNA_1-768x960.jpg 768w, https:\/\/kulturwerkpfaff.de\/wp-content\/uploads\/2026\/01\/Was-willst-du-machen-ANNA_1-1229x1536.jpg 1229w, https:\/\/kulturwerkpfaff.de\/wp-content\/uploads\/2026\/01\/Was-willst-du-machen-ANNA_1-1639x2048.jpg 1639w\" sizes=\"auto, (max-width: 819px) 100vw, 819px\" \/><\/figure><div class=\"wp-block-media-text__content\">\n<h2 class=\"wp-block-heading\">Studentische Arbeit<\/h2>\n\n\n\n<p>Die Zukunft der alten Pfaff-Kantine ist Thema der Masterarbeit einer Architekturstudierenden der RPTU. Anna Beforth m\u00f6chte in den direkten Austausch mit B\u00fcrger*innen gehen.<br><br>Die Frage der Stunde ist jedoch nicht: Was w\u00fcnscht ihr euch in Zukunft in der alten Pfaff-Kantine?<br>Sondern: <strong>WAS WOLLT IHR SELBER AM ORT TUN?<\/strong><br><br>Dass unser Engagement rund um das Pfaff-Areal in so vielen unterschiedlichen Kreisen und auf so vielf\u00e4ltige Weise thematisiert und diskutiert wird, freut uns sehr und hilft uns bei der Entwicklung unseres Vorhabens. Wir sind dankbar f\u00fcr jede Form der Unterst\u00fctzung.<\/p>\n<\/div><\/div>\n\n\n\n<div style=\"height:100px\" aria-hidden=\"true\" class=\"wp-block-spacer\"><\/div>\n\n\n\n<div class=\"wp-block-media-text is-stacked-on-mobile\" style=\"grid-template-columns:49% auto\"><figure class=\"wp-block-media-text__media\"><img loading=\"lazy\" decoding=\"async\" width=\"768\" height=\"1024\" src=\"https:\/\/kulturwerkpfaff.de\/wp-content\/uploads\/2026\/01\/IMG_1911-768x1024.jpg\" alt=\"\" class=\"wp-image-575 size-full\" srcset=\"https:\/\/kulturwerkpfaff.de\/wp-content\/uploads\/2026\/01\/IMG_1911-768x1024.jpg 768w, https:\/\/kulturwerkpfaff.de\/wp-content\/uploads\/2026\/01\/IMG_1911-225x300.jpg 225w, https:\/\/kulturwerkpfaff.de\/wp-content\/uploads\/2026\/01\/IMG_1911-1152x1536.jpg 1152w, https:\/\/kulturwerkpfaff.de\/wp-content\/uploads\/2026\/01\/IMG_1911.jpg 1200w\" sizes=\"auto, (max-width: 768px) 100vw, 768px\" \/><\/figure><div class=\"wp-block-media-text__content\">\n<h2 class=\"wp-block-heading\">Ben Pohl 2.0<\/h2>\n\n\n\n<p>Im Rahmen der FATUK-Wintervortragsreihe besuchte uns \u2013 wie bereits im Sommer \u2013 Ben Pohl, Urban Designer und Stadtforscher der DENKSTATT S\u00e0rl, auf dem Pfaff-Areal. Mit seiner Expertise und langj\u00e4hrigen Erfahrung in der partizipativen und nachhaltigen Stadt- und Projektentwicklung veranschaulichte er den Architekturstudierenden eindrucksvoll, welche Potenziale im Beruf der Architekt*in liegen und welche gesellschaftliche Verantwortung damit einhergeht. Vor Ort waren auch viele Mitglieder des KWP. Wie das KWP von den Inhalten von Ben Pohl profitiert, erfahrt ihr hier:<\/p>\n\n\n\n<p><a href=\"https:\/\/education.espazium.ch\/de\/hochschulpublikationen\/rptu-kaiserslautern-lernende-planung-pohl-transformation-pfaff\">https:\/\/education.espazium.ch\/de\/hochschulpublikationen\/rptu-kaiserslautern-lernende-planung-pohl-transformation-pfaff<\/a><\/p>\n<\/div><\/div>\n\n\n\n<div style=\"height:100px\" aria-hidden=\"true\" class=\"wp-block-spacer\"><\/div>\n\n\n\n<h1 class=\"wp-block-heading\">2025<\/h1>\n\n\n\n<div class=\"wp-block-media-text is-stacked-on-mobile\" style=\"grid-template-columns:49% auto\"><figure class=\"wp-block-media-text__media\"><img loading=\"lazy\" decoding=\"async\" width=\"724\" height=\"1024\" src=\"https:\/\/kulturwerkpfaff.de\/wp-content\/uploads\/2026\/01\/Wintermarkt-2025-FINAL-724x1024.jpg\" alt=\"\" class=\"wp-image-563 size-full\" srcset=\"https:\/\/kulturwerkpfaff.de\/wp-content\/uploads\/2026\/01\/Wintermarkt-2025-FINAL-724x1024.jpg 724w, https:\/\/kulturwerkpfaff.de\/wp-content\/uploads\/2026\/01\/Wintermarkt-2025-FINAL-212x300.jpg 212w, https:\/\/kulturwerkpfaff.de\/wp-content\/uploads\/2026\/01\/Wintermarkt-2025-FINAL-768x1086.jpg 768w, https:\/\/kulturwerkpfaff.de\/wp-content\/uploads\/2026\/01\/Wintermarkt-2025-FINAL-1086x1536.jpg 1086w, https:\/\/kulturwerkpfaff.de\/wp-content\/uploads\/2026\/01\/Wintermarkt-2025-FINAL-1448x2048.jpg 1448w, https:\/\/kulturwerkpfaff.de\/wp-content\/uploads\/2026\/01\/Wintermarkt-2025-FINAL-scaled.jpg 1810w\" sizes=\"auto, (max-width: 724px) 100vw, 724px\" \/><\/figure><div class=\"wp-block-media-text__content\">\n<h2 class=\"wp-block-heading\">Wintermarkt!<\/h2>\n\n\n\n<p>Mit dem Wintermarkt endete unser Zwischenmietrecht f\u00fcr die alte Pfaff-Kantine. Aber ihr seid nochmal alle gekommen. Bei Minusgraden und Sonnenschein. Es war super. Vielen Dank! Wir hoffen sehr, dass es in 2026 weitergehen wird. Wir halten euch auf dem Laufenden. Unterst\u00fctzt uns gerne, werdet Mitglied, bis hoffentlich bald!<\/p>\n\n\n\n<p>Dankesch\u00f6n. Euer KWP!<\/p>\n\n\n\n<p>Hier geht es zum Artikel: <\/p>\n\n\n\n<p><a href=\"https:\/\/www.rheinpfalz.de\/lokal\/kaiserslautern_artikel,-wintermarkt-des-kulturwerks-pfaff-kommt-gut-an-_arid,5835229.html\">https:\/\/www.rheinpfalz.de\/lokal\/kaiserslautern_artikel,-wintermarkt-des-kulturwerks-pfaff-kommt-gut-an-_arid,5835229.html<\/a><\/p>\n<\/div><\/div>\n\n\n\n<div style=\"height:100px\" aria-hidden=\"true\" class=\"wp-block-spacer\"><\/div>\n\n\n\n<div class=\"wp-block-media-text is-stacked-on-mobile\" style=\"grid-template-columns:49% auto\"><figure class=\"wp-block-media-text__media\"><img decoding=\"async\" src=\"https:\/\/kulturwerkpfaff.de\/wp-content\/uploads\/2025\/10\/Pfaff-Herbstmarkt-25-POSTER.png\" alt=\"\" class=\"wp-image-470 size-full\"\/><\/figure><div class=\"wp-block-media-text__content\">\n<h2 class=\"wp-block-heading\">Herbstmarkt!<\/h2>\n\n\n\n<p>Super Stimmung, super Wetter, super Leute! Wieder einmal zog es knapp 1000 Menschen von \u00fcberall her auf die Wiese vor der alten Pfaff-Kantine. Mit Musik, Essen, Trinken, Lagerfeuer und vielen kreativen Verkaufsst\u00e4nden haben wir gemeinsam den Herbst eingeleutet. Eine Idee auch f\u00fcr die Zukunft! Das Thema \u00fcber allem: KULTUR F\u00dcR ALLE &#8211; KULTUR IN DIE KANTINE. Logisch! Aber die Feste werden sich thematisch wohl mehr an die Jahreszeiten kn\u00fcpfen. Als n\u00e4chstes steht der Wintermarkt an. Wir freuen uns sehr auf euch! Vielen Dank und bis bald!<\/p>\n\n\n\n<p>Hier geht es zum Artikel: <\/p>\n\n\n\n<p><a href=\"https:\/\/www.rheinpfalz.de\/lokal\/kaiserslautern_artikel,-herbstmarkt-bringt-leben-aufs-pfaffgel%C3%A4nde-_arid,5817076.html\">https:\/\/www.rheinpfalz.de\/lokal\/kaiserslautern_artikel,-herbstmarkt-bringt-leben-aufs-pfaffgel%C3%A4nde-_arid,5817076.html<\/a><\/p>\n<\/div><\/div>\n\n\n\n<div style=\"height:100px\" aria-hidden=\"true\" class=\"wp-block-spacer\"><\/div>\n\n\n\n<div class=\"wp-block-media-text is-stacked-on-mobile\" style=\"grid-template-columns:49% auto\"><figure class=\"wp-block-media-text__media\"><img loading=\"lazy\" decoding=\"async\" width=\"724\" height=\"1024\" src=\"https:\/\/kulturwerkpfaff.de\/wp-content\/uploads\/2025\/11\/Ben-Pohl-724x1024.jpg\" alt=\"\" class=\"wp-image-531 size-full\" srcset=\"https:\/\/kulturwerkpfaff.de\/wp-content\/uploads\/2025\/11\/Ben-Pohl-724x1024.jpg 724w, https:\/\/kulturwerkpfaff.de\/wp-content\/uploads\/2025\/11\/Ben-Pohl-212x300.jpg 212w, https:\/\/kulturwerkpfaff.de\/wp-content\/uploads\/2025\/11\/Ben-Pohl-768x1086.jpg 768w, https:\/\/kulturwerkpfaff.de\/wp-content\/uploads\/2025\/11\/Ben-Pohl-1086x1536.jpg 1086w, https:\/\/kulturwerkpfaff.de\/wp-content\/uploads\/2025\/11\/Ben-Pohl-1448x2048.jpg 1448w, https:\/\/kulturwerkpfaff.de\/wp-content\/uploads\/2025\/11\/Ben-Pohl-scaled.jpg 1810w\" sizes=\"auto, (max-width: 724px) 100vw, 724px\" \/><\/figure><div class=\"wp-block-media-text__content\">\n<h2 class=\"wp-block-heading\">KWP publiziert!<\/h2>\n\n\n\n<p>Dank einer intensiven Zusammenarbeit mit dem Fachbereich Architektur der RPTU Kaiserslautern (fatuk) ist das Kulturwerkpfaff jetzt auch \u00fcber die L\u00e4ndergrenzen hinaus ein Thema. Das schweizer Architektur-Magazin &#8222;Espazium&#8220; ver\u00f6ffentlichte Anfang September einen Artikel \u00fcber den vergangenen Austausch mit Stadtforscher und Urban Designer Ben Pohl. Inhalt ist ein Interview mit Ben Pohl, eine Erl\u00e4uterung der j\u00fcngeren Geschichte des Pfaff-Areals und die Rolle und das Engagement des Kulturwerkpfaffs. Wie packt man es zusammen? Welche M\u00f6glichkeiten hat man? Wo f\u00e4ngt man an? <\/p>\n\n\n\n<p>Hier geht es zum Artikel: <\/p>\n\n\n\n<p><a href=\"https:\/\/education.espazium.ch\/de\/hochschulpublikationen\/rptu-kaiserslautern-lernende-planung-pohl-transformation-pfaff\">https:\/\/education.espazium.ch\/de\/hochschulpublikationen\/rptu-kaiserslautern-lernende-planung-pohl-transformation-pfaff<\/a><\/p>\n<\/div><\/div>\n\n\n\n<div style=\"height:100px\" aria-hidden=\"true\" class=\"wp-block-spacer\"><\/div>\n\n\n\n<div class=\"wp-block-media-text is-stacked-on-mobile\" style=\"grid-template-columns:49% auto\"><figure class=\"wp-block-media-text__media\"><img loading=\"lazy\" decoding=\"async\" width=\"724\" height=\"1024\" src=\"https:\/\/kulturwerkpfaff.de\/wp-content\/uploads\/2025\/09\/KWP-Poster-724x1024.jpg\" alt=\"\" class=\"wp-image-108 size-full\" srcset=\"https:\/\/kulturwerkpfaff.de\/wp-content\/uploads\/2025\/09\/KWP-Poster-724x1024.jpg 724w, https:\/\/kulturwerkpfaff.de\/wp-content\/uploads\/2025\/09\/KWP-Poster-212x300.jpg 212w, https:\/\/kulturwerkpfaff.de\/wp-content\/uploads\/2025\/09\/KWP-Poster-768x1086.jpg 768w, https:\/\/kulturwerkpfaff.de\/wp-content\/uploads\/2025\/09\/KWP-Poster-1086x1536.jpg 1086w, https:\/\/kulturwerkpfaff.de\/wp-content\/uploads\/2025\/09\/KWP-Poster-1448x2048.jpg 1448w, https:\/\/kulturwerkpfaff.de\/wp-content\/uploads\/2025\/09\/KWP-Poster-scaled.jpg 1810w\" sizes=\"auto, (max-width: 724px) 100vw, 724px\" \/><\/figure><div class=\"wp-block-media-text__content\">\n<h2 class=\"wp-block-heading\">Kultur f\u00fcr alle!<\/h2>\n\n\n\n<p>Am 16.08.2025 war es endlich wieder soweit. Das Kulturwerkpfaff lud wieder einmal herzlich zum fr\u00f6hlichen Miteinander auf der Wiese vor der altehrw\u00fcrdigen Pfaff-Kantine ein.  Ein reichliches Angebot an Speisen und Getr\u00e4nken, ein Flohmarkt, ein ausgewogenes musikalisches Programm und weitere kleine Aktionen sollte die Stadtgemeinschaft zu uns locken. Und eine Sache hatten auch alle gemeinsam . Die Liebe zu Kaiserslautern und zur Kultur. Menschen von \u00fcberall und jeden Alters haben mit uns ein fr\u00f6hliches Fest gefeiert. Das Pfaffgel\u00e4nde bot daf\u00fcr die optimale Kulisse. Hoffen wir, dass es uns auch in dieser bereits stark ersch\u00f6pften Form weiter erhalten bleibt!<\/p>\n<\/div><\/div>\n\n\n\n<div style=\"height:100px\" aria-hidden=\"true\" class=\"wp-block-spacer\"><\/div>\n\n\n\n<div class=\"wp-block-media-text is-stacked-on-mobile\" style=\"grid-template-columns:49% auto\"><figure class=\"wp-block-media-text__media\"><img loading=\"lazy\" decoding=\"async\" width=\"724\" height=\"1024\" src=\"https:\/\/kulturwerkpfaff.de\/wp-content\/uploads\/2025\/09\/Plakate-RE-x-KWP-Beispiel_1-1-724x1024.jpg\" alt=\"\" class=\"wp-image-96 size-full\" srcset=\"https:\/\/kulturwerkpfaff.de\/wp-content\/uploads\/2025\/09\/Plakate-RE-x-KWP-Beispiel_1-1-724x1024.jpg 724w, https:\/\/kulturwerkpfaff.de\/wp-content\/uploads\/2025\/09\/Plakate-RE-x-KWP-Beispiel_1-1-212x300.jpg 212w, https:\/\/kulturwerkpfaff.de\/wp-content\/uploads\/2025\/09\/Plakate-RE-x-KWP-Beispiel_1-1-768x1086.jpg 768w, https:\/\/kulturwerkpfaff.de\/wp-content\/uploads\/2025\/09\/Plakate-RE-x-KWP-Beispiel_1-1-1086x1536.jpg 1086w, https:\/\/kulturwerkpfaff.de\/wp-content\/uploads\/2025\/09\/Plakate-RE-x-KWP-Beispiel_1-1-1448x2048.jpg 1448w, https:\/\/kulturwerkpfaff.de\/wp-content\/uploads\/2025\/09\/Plakate-RE-x-KWP-Beispiel_1-1-scaled.jpg 1810w\" sizes=\"auto, (max-width: 724px) 100vw, 724px\" \/><\/figure><div class=\"wp-block-media-text__content\">\n<h2 class=\"wp-block-heading\">Reihe Eins trifft KWP!<\/h2>\n\n\n\n<p>Die Vortagsreihe \u201eReiheEins\u201c des Fachbereichs Architektur der RPTU Kaiserslautern war zu Gast auf dem Pfaff-Areal! Am Montag, 14.07., bat sich daher eine seltene Gelegenheit auf der Wiese vor der alten Pfaff-Kantine. Studierende des Fachbereichs Architektur der RPTU und das Kulturwerkpfaff durften gemeinsam den Urban Designer und Stadtforscher Ben Pohl von der Denkstatt s\u00e0rl aus Basel begr\u00fc\u00dfen. Er teilte mit uns seine Expertise zur Entwicklung von Transformations-Arealen (wie auch das Pfaff-Areal) und informierte uns dar\u00fcber, welche M\u00f6glichkeiten es f\u00fcr Stadt, B\u00fcrger und Investoren, insbesondere in Sachen Planung und Finanzierung, gibt! Die Entwicklung des Pfaff-Areals birgt n\u00e4mlich ein enormes Potenzial f\u00fcr Kaiserslautern und wird f\u00fcr die Entwicklung der Stadt eine bedeutende Rolle spielen.<\/p>\n<\/div><\/div>\n\n\n\n<div style=\"height:100px\" aria-hidden=\"true\" class=\"wp-block-spacer\"><\/div>\n\n\n\n<div class=\"wp-block-media-text is-stacked-on-mobile\" style=\"grid-template-columns:49% auto\"><figure class=\"wp-block-media-text__media\"><img loading=\"lazy\" decoding=\"async\" width=\"724\" height=\"1024\" src=\"https:\/\/kulturwerkpfaff.de\/wp-content\/uploads\/2025\/09\/Wintermarkt-II-724x1024.png\" alt=\"\" class=\"wp-image-262 size-full\" srcset=\"https:\/\/kulturwerkpfaff.de\/wp-content\/uploads\/2025\/09\/Wintermarkt-II-724x1024.png 724w, https:\/\/kulturwerkpfaff.de\/wp-content\/uploads\/2025\/09\/Wintermarkt-II-212x300.png 212w, https:\/\/kulturwerkpfaff.de\/wp-content\/uploads\/2025\/09\/Wintermarkt-II-768x1086.png 768w, https:\/\/kulturwerkpfaff.de\/wp-content\/uploads\/2025\/09\/Wintermarkt-II-1086x1536.png 1086w, https:\/\/kulturwerkpfaff.de\/wp-content\/uploads\/2025\/09\/Wintermarkt-II-1448x2048.png 1448w, https:\/\/kulturwerkpfaff.de\/wp-content\/uploads\/2025\/09\/Wintermarkt-II-scaled.png 1810w\" sizes=\"auto, (max-width: 724px) 100vw, 724px\" \/><\/figure><div class=\"wp-block-media-text__content\">\n<h2 class=\"wp-block-heading\">Wintermarkt!<\/h2>\n\n\n\n<p>Der Wintermarkt. Ein Klassiker! Und definitiv ein w\u00fcrdiger Jahresabschluss. Selbst bei der K\u00e4lte zog es noch einmal knapp 1000 Besucher*innen auf die Wiese vor der alten Pfaff-Kantine. F\u00fcr Stimmung sorgten unter anderem die lieblichen Verkaufsst\u00e4nde vieler lokaler K\u00fcnstler*innen, die festliche Beleuchtung und der leckere Gl\u00fchwein. Bis zum n\u00e4chsten Jahr!<\/p>\n<\/div><\/div>\n\n\n\n<div style=\"height:100px\" aria-hidden=\"true\" class=\"wp-block-spacer\"><\/div>\n\n\n\n<h1 class=\"wp-block-heading has-ti-bg-color has-text-color has-link-color wp-elements-1913d12c8067ae0c3f3d69e774d0ba17\">2024<\/h1>\n\n\n\n<figure class=\"wp-block-gallery has-nested-images columns-default is-cropped wp-block-gallery-1 is-layout-flex wp-block-gallery-is-layout-flex\">\n<figure class=\"wp-block-image size-large\"><img loading=\"lazy\" decoding=\"async\" width=\"724\" height=\"1024\" data-id=\"191\" src=\"https:\/\/kulturwerkpfaff.de\/wp-content\/uploads\/2025\/09\/KWP_3-1-724x1024.png\" alt=\"\" class=\"wp-image-191\" srcset=\"https:\/\/kulturwerkpfaff.de\/wp-content\/uploads\/2025\/09\/KWP_3-1-724x1024.png 724w, https:\/\/kulturwerkpfaff.de\/wp-content\/uploads\/2025\/09\/KWP_3-1-212x300.png 212w, https:\/\/kulturwerkpfaff.de\/wp-content\/uploads\/2025\/09\/KWP_3-1-768x1086.png 768w, https:\/\/kulturwerkpfaff.de\/wp-content\/uploads\/2025\/09\/KWP_3-1-1086x1536.png 1086w, https:\/\/kulturwerkpfaff.de\/wp-content\/uploads\/2025\/09\/KWP_3-1-1449x2048.png 1449w, https:\/\/kulturwerkpfaff.de\/wp-content\/uploads\/2025\/09\/KWP_3-1-scaled.png 1811w\" sizes=\"auto, (max-width: 724px) 100vw, 724px\" \/><\/figure>\n\n\n\n<figure class=\"wp-block-image size-large\"><img loading=\"lazy\" decoding=\"async\" width=\"724\" height=\"1024\" data-id=\"192\" src=\"https:\/\/kulturwerkpfaff.de\/wp-content\/uploads\/2025\/09\/KWP_4-1-724x1024.png\" alt=\"\" class=\"wp-image-192\" srcset=\"https:\/\/kulturwerkpfaff.de\/wp-content\/uploads\/2025\/09\/KWP_4-1-724x1024.png 724w, https:\/\/kulturwerkpfaff.de\/wp-content\/uploads\/2025\/09\/KWP_4-1-212x300.png 212w, https:\/\/kulturwerkpfaff.de\/wp-content\/uploads\/2025\/09\/KWP_4-1-768x1086.png 768w, https:\/\/kulturwerkpfaff.de\/wp-content\/uploads\/2025\/09\/KWP_4-1-1086x1536.png 1086w, https:\/\/kulturwerkpfaff.de\/wp-content\/uploads\/2025\/09\/KWP_4-1-1449x2048.png 1449w, https:\/\/kulturwerkpfaff.de\/wp-content\/uploads\/2025\/09\/KWP_4-1-scaled.png 1811w\" sizes=\"auto, (max-width: 724px) 100vw, 724px\" \/><\/figure>\n<\/figure>\n\n\n\n<figure class=\"wp-block-gallery has-nested-images columns-default is-cropped wp-block-gallery-2 is-layout-flex wp-block-gallery-is-layout-flex\">\n<figure class=\"wp-block-image size-large\"><img loading=\"lazy\" decoding=\"async\" width=\"724\" height=\"1024\" data-id=\"187\" src=\"https:\/\/kulturwerkpfaff.de\/wp-content\/uploads\/2025\/09\/KWP_1-724x1024.png\" alt=\"\" class=\"wp-image-187\" srcset=\"https:\/\/kulturwerkpfaff.de\/wp-content\/uploads\/2025\/09\/KWP_1-724x1024.png 724w, https:\/\/kulturwerkpfaff.de\/wp-content\/uploads\/2025\/09\/KWP_1-212x300.png 212w, https:\/\/kulturwerkpfaff.de\/wp-content\/uploads\/2025\/09\/KWP_1-768x1086.png 768w, https:\/\/kulturwerkpfaff.de\/wp-content\/uploads\/2025\/09\/KWP_1-1086x1536.png 1086w, https:\/\/kulturwerkpfaff.de\/wp-content\/uploads\/2025\/09\/KWP_1-1448x2048.png 1448w, https:\/\/kulturwerkpfaff.de\/wp-content\/uploads\/2025\/09\/KWP_1-scaled.png 1810w\" sizes=\"auto, (max-width: 724px) 100vw, 724px\" \/><\/figure>\n\n\n\n<figure class=\"wp-block-image size-large\"><img loading=\"lazy\" decoding=\"async\" width=\"724\" height=\"1024\" data-id=\"189\" src=\"https:\/\/kulturwerkpfaff.de\/wp-content\/uploads\/2025\/09\/KWP_2-724x1024.png\" alt=\"\" class=\"wp-image-189\" srcset=\"https:\/\/kulturwerkpfaff.de\/wp-content\/uploads\/2025\/09\/KWP_2-724x1024.png 724w, https:\/\/kulturwerkpfaff.de\/wp-content\/uploads\/2025\/09\/KWP_2-212x300.png 212w, https:\/\/kulturwerkpfaff.de\/wp-content\/uploads\/2025\/09\/KWP_2-768x1086.png 768w, https:\/\/kulturwerkpfaff.de\/wp-content\/uploads\/2025\/09\/KWP_2-1086x1536.png 1086w, https:\/\/kulturwerkpfaff.de\/wp-content\/uploads\/2025\/09\/KWP_2-1449x2048.png 1449w, https:\/\/kulturwerkpfaff.de\/wp-content\/uploads\/2025\/09\/KWP_2-scaled.png 1811w\" sizes=\"auto, (max-width: 724px) 100vw, 724px\" \/><\/figure>\n<\/figure>\n","protected":false},"excerpt":{"rendered":"<p>2026 Studentische Arbeit Die Zukunft der alten Pfaff-Kantine ist Thema der Masterarbeit einer Architekturstudierenden der RPTU. Anna Beforth m\u00f6chte in den direkten Austausch mit B\u00fcrger*innen gehen. Die Frage der Stunde ist jedoch nicht: Was w\u00fcnscht ihr euch in Zukunft in der alten Pfaff-Kantine?Sondern: WAS WOLLT IHR SELBER AM ORT TUN? Dass unser Engagement rund um [&hellip;]<\/p>\n","protected":false},"author":1,"featured_media":0,"parent":0,"menu_order":0,"comment_status":"closed","ping_status":"closed","template":"","meta":{"footnotes":""},"class_list":["post-90","page","type-page","status-publish","hentry"],"_links":{"self":[{"href":"https:\/\/kulturwerkpfaff.de\/index.php?rest_route=\/wp\/v2\/pages\/90","targetHints":{"allow":["GET"]}}],"collection":[{"href":"https:\/\/kulturwerkpfaff.de\/index.php?rest_route=\/wp\/v2\/pages"}],"about":[{"href":"https:\/\/kulturwerkpfaff.de\/index.php?rest_route=\/wp\/v2\/types\/page"}],"author":[{"embeddable":true,"href":"https:\/\/kulturwerkpfaff.de\/index.php?rest_route=\/wp\/v2\/users\/1"}],"replies":[{"embeddable":true,"href":"https:\/\/kulturwerkpfaff.de\/index.php?rest_route=%2Fwp%2Fv2%2Fcomments&post=90"}],"version-history":[{"count":20,"href":"https:\/\/kulturwerkpfaff.de\/index.php?rest_route=\/wp\/v2\/pages\/90\/revisions"}],"predecessor-version":[{"id":619,"href":"https:\/\/kulturwerkpfaff.de\/index.php?rest_route=\/wp\/v2\/pages\/90\/revisions\/619"}],"wp:attachment":[{"href":"https:\/\/kulturwerkpfaff.de\/index.php?rest_route=%2Fwp%2Fv2%2Fmedia&parent=90"}],"curies":[{"name":"wp","href":"https:\/\/api.w.org\/{rel}","templated":true}]}}