{"id":92,"date":"2025-09-10T14:36:11","date_gmt":"2025-09-10T12:36:11","guid":{"rendered":"https:\/\/kulturwerkpfaff.de\/?page_id=92"},"modified":"2026-03-08T11:24:12","modified_gmt":"2026-03-08T10:24:12","slug":"ueber-uns","status":"publish","type":"page","link":"https:\/\/kulturwerkpfaff.de\/?page_id=92","title":{"rendered":"\u00dcber uns"},"content":{"rendered":"\n<p class=\"has-text-align-center\">Der <strong>Kulturwerkpfaff e.V.<\/strong> ist ein Zusammenschluss zahlreicher engagierter kunst- und kulturaffiner Initiativen, Vereine sowie Einzelpersonen aus <strong>Kaiserslautern<\/strong> und der umliegenden Region. Menschen mit ganz unterschiedlichen Hintergr\u00fcnden und Ideen haben sich hier zusammengefunden, vereint durch den Wunsch, Kunst, Kultur und gemeinschaftliches Leben in ihrer Stadt aktiv mitzugestalten.<\/p>\n\n\n\n<p class=\"has-text-align-center\">Im Gr\u00fcndungsjahr 2017 setzte sich der Verein gemeinsam mit der Vorreiterinitiative <strong>Pfaff erhalten, Stadt gestalten<\/strong> insbesondere f\u00fcr den Erhalt der verbliebenen Bauwerke sowie f\u00fcr eine dauerhafte Etablierung einer lebendigen Kunst- und Kulturszene auf dem ehemaligen <strong>Pfaff-Areal<\/strong> ein.<\/p>\n\n\n\n<p class=\"has-text-align-center\">Zu dieser Zeit war die Entwicklung des Gel\u00e4ndes jedoch noch kaum vorangeschritten. Nach vielen Jahren des Zerfalls und des Leerstands wirkte das einst so bedeutende Areal eher wie eine offene Wunde im Stadtbild und wurde vielerorts als Belastung f\u00fcr die Stadt wahrgenommen.<\/p>\n\n\n\n<p class=\"has-text-align-center\">Die hochverschuldete Stadt Kaiserslautern liegt in einer Region, die seit Jahren stark vom Strukturwandel gepr\u00e4gt ist. Leere Haushaltskassen, politische Richtungswechsel und dringende soziale Fragen bestimmten lange Zeit die Agenda der Stadt. In diesem Spannungsfeld blieb das enorme Potenzial der rund 20 Hektar gro\u00dfen innerst\u00e4dtischen Entwicklungsfl\u00e4che zun\u00e4chst weitgehend ungenutzt.<\/p>\n\n\n\n<p class=\"has-text-align-center\">Auch die fr\u00fchen Initiativen rund um das Kulturwerkpfaff gerieten dadurch ins Stocken. Trotz einiger wichtiger Teilerfolge blieb am Ende des ersten Anlaufs vieles offen \u2013 und viele engagierte Menschen fragten sich, wie es mit dem Pfaff-Areal weitergehen w\u00fcrde.<\/p>\n\n\n\n<p class=\"has-text-align-center\">Als das Gel\u00e4nde schlie\u00dflich an lokale und politisch vernetzte Investoren ver\u00e4u\u00dfert wurde, l\u00f6ste dies erneut Unmut in der Bev\u00f6lkerung aus. Gleichzeitig r\u00fcckte die Entwicklung des Areals dadurch st\u00e4rker in den Fokus der \u00d6ffentlichkeit \u2013 sogar der <strong>Landesrechnungshof Rheinland-Pfalz<\/strong> wurde aufmerksam. Pl\u00f6tzlich kam wieder Bewegung in eine Debatte, die zuvor lange festgefahren schien.<\/p>\n\n\n\n<p class=\"has-text-align-center\">Nach intensiven Verhandlungen flossen schlie\u00dflich F\u00f6rdermittel in H\u00f6he von rund 90 Millionen Euro in die Entwicklung des Pfaff-Areals. Bedingung war jedoch, dass die Stadt die Fl\u00e4che von den privaten Investoren zur\u00fcckkauft und gemeinsam mit den B\u00fcrgerinnen und B\u00fcrgern ein nachhaltiges Konzept f\u00fcr einen neuen Stadtteil entwickelt.<\/p>\n\n\n\n<p>Um dieses ambitionierte Vorhaben umzusetzen, wurde eine st\u00e4dtische Entwicklungsgesellschaft gegr\u00fcndet. Sie lie\u00df einen Rahmenplan, einen Bebauungsplan, ein Gestaltungshandbuch sowie ein umfangreiches Bewerbungsverfahren f\u00fcr die einzelnen Baufelder erarbeiten. Ein unabh\u00e4ngiger Vermarktungsbeirat sollte die Konzepte potenzieller Investoren bewerten und die st\u00e4dtischen Ziele im Blick behalten. Es schien, als h\u00e4tte man aus den Fehlern der Vergangenheit tats\u00e4chlich gelernt.<\/p>\n\n\n\n<p class=\"has-text-align-center\">Der neu entwickelte Rahmenplan weckte gro\u00dfe Hoffnungen \u2013 auf einen besonderen Stadtteil, der f\u00fcr Kaiserslautern eine enorme Bedeutung haben k\u00f6nnte. Und er enthielt etwas, das f\u00fcr viele Kulturschaffende entscheidend war: Raum f\u00fcr kulturelle Nutzungen auf dem Pfaff-Areal.<\/p>\n\n\n\n<p class=\"has-text-align-center\">Diese Perspektive verlieh auch dem Engagement des Kulturwerkpfaffs neuen Schwung.<\/p>\n\n\n\n<p class=\"has-text-align-center\">In der Folge formierte sich der Verein neu. Seit 2020 sind zahlreiche neue Initiativen und Vereine entstanden, die sich nach und nach gemeinsam mit bereits etablierten Organisationen im Kulturwerkpfaff zusammengeschlossen haben. Damit wurde einmal mehr deutlich, welche Bedeutung Kunst, Kultur, Subkultur und nicht zuletzt auch Partizipation f\u00fcr eine lebendige Stadtgesellschaft haben.<\/p>\n\n\n\n<p class=\"has-text-align-center\">Die beteiligten Vereine schaffen R\u00e4ume f\u00fcr kreative Entfaltung, st\u00e4rken generationen\u00fcbergreifende Gemeinschaft und Nachbarschaft und bringen sich aktiv in st\u00e4dtische Prozesse und Diskussionen ein.<\/p>\n\n\n\n<p class=\"has-text-align-center\">Als Anerkennung f\u00fcr dieses Engagement erhielt der Verein schlie\u00dflich ein zweij\u00e4hriges Zwischenmietrecht f\u00fcr die alte Betriebskantine auf dem Pfaff-Areal \u2013 ein beeindruckendes Geb\u00e4ude mit viel Geschichte. Das Kulturwerkpfaff m\u00f6chte diesen Ort langfristig zu einem soziokulturellen Zentrum entwickeln: zu einem offenen Treffpunkt f\u00fcr Kunst, Begegnung und gemeinschaftliches Leben.<\/p>\n\n\n\n<p class=\"has-text-align-center\">Schon jetzt haben die vom Verein organisierten Feste vor der Kantine gezeigt, wie gro\u00df der Bedarf nach einem solchen Ort in Kaiserslautern ist.<\/p>\n\n\n\n<p class=\"has-text-align-center\">Die Menschen kamen in Str\u00f6men \u2013 aus ganz unterschiedlichen Gr\u00fcnden. Einige wegen der famili\u00e4ren Atmosph\u00e4re, andere zum Feiern und Tanzen. Wieder andere nutzten die Gelegenheit, das Pfaff-Areal nach langer Zeit wieder betreten zu k\u00f6nnen.<\/p>\n\n\n\n<p class=\"has-text-align-center\">Denn ohne die traditionsreiche <strong>G. M. Pfaff AG<\/strong> h\u00e4tte es in Kaiserslautern vermutlich nie eine so enge Verbindung zwischen den Menschen, ihrer Stadt und der gesamten Region gegeben. Der N\u00e4hmaschinenhersteller pr\u00e4gte \u00fcber Jahrzehnte das Leben vieler Familien. Das Unternehmen errichtete ganze Wohnquartiere, B\u00e4der und Kinderkrippen und war lange Zeit der wichtigste Arbeitgeber der Region.<\/p>\n\n\n\n<p class=\"has-text-align-center\">Der Abriss vieler Geb\u00e4ude auf dem ehemaligen Werksgel\u00e4nde wurde deshalb von vielen Menschen als schmerzhafter Verlust empfunden. Mit ihnen verschwanden nicht nur Mauern und Hallen, sondern auch Erinnerungen, Geschichten und Orte der Identifikation.<\/p>\n\n\n\n<p class=\"has-text-align-center\">Gerade deshalb erscheint das Engagement des Kulturwerkpfaffs heute umso bedeutender: Es geht nicht nur um R\u00e4ume f\u00fcr Kunst und Kultur, sondern auch darum, ein St\u00fcck der Geschichte dieses Ortes zu bewahren \u2013 und ihm zugleich eine neue Zukunft zu geben.<\/p>\n\n\n\n<figure class=\"wp-block-image aligncenter size-large\"><img loading=\"lazy\" decoding=\"async\" width=\"1024\" height=\"158\" src=\"https:\/\/kulturwerkpfaff.de\/wp-content\/uploads\/2025\/09\/Ueber-uns-1024x158.png\" alt=\"\" class=\"wp-image-429\" srcset=\"https:\/\/kulturwerkpfaff.de\/wp-content\/uploads\/2025\/09\/Ueber-uns-1024x158.png 1024w, https:\/\/kulturwerkpfaff.de\/wp-content\/uploads\/2025\/09\/Ueber-uns-300x46.png 300w, https:\/\/kulturwerkpfaff.de\/wp-content\/uploads\/2025\/09\/Ueber-uns-768x119.png 768w, https:\/\/kulturwerkpfaff.de\/wp-content\/uploads\/2025\/09\/Ueber-uns-1536x237.png 1536w, https:\/\/kulturwerkpfaff.de\/wp-content\/uploads\/2025\/09\/Ueber-uns-2048x316.png 2048w\" sizes=\"auto, (max-width: 1024px) 100vw, 1024px\" \/><\/figure>\n","protected":false},"excerpt":{"rendered":"<p>Der Kulturwerkpfaff e.V. ist ein Zusammenschluss zahlreicher engagierter kunst- und kulturaffiner Initiativen, Vereine sowie Einzelpersonen aus Kaiserslautern und der umliegenden Region. Menschen mit ganz unterschiedlichen Hintergr\u00fcnden und Ideen haben sich hier zusammengefunden, vereint durch den Wunsch, Kunst, Kultur und gemeinschaftliches Leben in ihrer Stadt aktiv mitzugestalten. Im Gr\u00fcndungsjahr 2017 setzte sich der Verein gemeinsam mit [&hellip;]<\/p>\n","protected":false},"author":1,"featured_media":0,"parent":0,"menu_order":0,"comment_status":"closed","ping_status":"closed","template":"","meta":{"footnotes":""},"class_list":["post-92","page","type-page","status-publish","hentry"],"_links":{"self":[{"href":"https:\/\/kulturwerkpfaff.de\/index.php?rest_route=\/wp\/v2\/pages\/92","targetHints":{"allow":["GET"]}}],"collection":[{"href":"https:\/\/kulturwerkpfaff.de\/index.php?rest_route=\/wp\/v2\/pages"}],"about":[{"href":"https:\/\/kulturwerkpfaff.de\/index.php?rest_route=\/wp\/v2\/types\/page"}],"author":[{"embeddable":true,"href":"https:\/\/kulturwerkpfaff.de\/index.php?rest_route=\/wp\/v2\/users\/1"}],"replies":[{"embeddable":true,"href":"https:\/\/kulturwerkpfaff.de\/index.php?rest_route=%2Fwp%2Fv2%2Fcomments&post=92"}],"version-history":[{"count":6,"href":"https:\/\/kulturwerkpfaff.de\/index.php?rest_route=\/wp\/v2\/pages\/92\/revisions"}],"predecessor-version":[{"id":593,"href":"https:\/\/kulturwerkpfaff.de\/index.php?rest_route=\/wp\/v2\/pages\/92\/revisions\/593"}],"wp:attachment":[{"href":"https:\/\/kulturwerkpfaff.de\/index.php?rest_route=%2Fwp%2Fv2%2Fmedia&parent=92"}],"curies":[{"name":"wp","href":"https:\/\/api.w.org\/{rel}","templated":true}]}}